{"id":3236,"date":"2018-12-13T14:01:09","date_gmt":"2018-12-13T13:01:09","guid":{"rendered":"http:\/\/mimirando.fr\/?page_id=3236"},"modified":"2026-04-20T10:00:18","modified_gmt":"2026-04-20T08:00:18","slug":"test-calendrier","status":"publish","type":"page","link":"https:\/\/mimirando.fr\/?page_id=3236","title":{"rendered":"Calendrier"},"content":{"rendered":"<div class=\"su-tabs su-tabs-style-default su-tabs-mobile-stack\" data-active=\"1\" data-scroll-offset=\"0\" data-anchor-in-url=\"no\"><div class=\"su-tabs-nav\"><span class=\"\" data-url=\"\" data-target=\"blank\" tabindex=\"0\" role=\"button\">MARS 2026<\/span><span class=\"\" data-url=\"\" data-target=\"blank\" tabindex=\"0\" role=\"button\">AVRIL 2026<\/span><span class=\"\" data-url=\"\" data-target=\"blank\" tabindex=\"0\" role=\"button\">MAI 2026<\/span><\/div><div class=\"su-tabs-panes\"><div class=\"su-tabs-pane su-u-clearfix su-u-trim\" data-title=\"MARS 2026\">\n<table id=\"tablepress-5\" class=\"tablepress tablepress-id-5\">\n<thead>\n<tr class=\"row-1\">\n\t<th class=\"column-1\">Lundi<\/th><th class=\"column-2\">Mardi<\/th><th class=\"column-3\">Mercredi<\/th><th class=\"column-4\">Jeudi<\/th><th class=\"column-5\">Vendredi<\/th><th class=\"column-6\">Samedi<\/th><th class=\"column-7\">Dimanche<\/th>\n<\/tr>\n<\/thead>\n<tbody>\n<tr class=\"row-2\">\n\t<td class=\"column-1\"><\/td><td class=\"column-2\"><\/td><td class=\"column-3\"><\/td><td class=\"column-4\"><\/td><td class=\"column-5\"><\/td><td class=\"column-6\"><\/td><td class=\"column-7\">1<\/td>\n<\/tr>\n<tr class=\"row-3\">\n\t<td class=\"column-1\">2<\/td><td class=\"column-2\">3 J Claude Montcet<br \/>\n        Brigitte Montcet<\/td><td class=\"column-3\">4 <\/td><td class=\"column-4\">5 sentier du maquis\u00e0 Ceyz\u00e9<\/td><td class=\"column-5\">6<\/td><td class=\"column-6\">7<\/td><td class=\"column-7\">8<\/td>\n<\/tr>\n<tr class=\"row-4\">\n\t<td class=\"column-1\">9<\/td><td class=\"column-2\">10 J Claude Ext<br \/>\n        Brigitte Ext<\/td><td class=\"column-3\">11<\/td><td class=\"column-4\">12 Bellor<\/td><td class=\"column-5\">13<\/td><td class=\"column-6\">14<\/td><td class=\"column-7\">15<\/td>\n<\/tr>\n<tr class=\"row-5\">\n\t<td class=\"column-1\">16<\/td><td class=\"column-2\">17 J Claude Montcet<br \/>\n        Brigitte Montcet<\/td><td class=\"column-3\">18<\/td><td class=\"column-4\">19 St Trivier\/Moignans<\/td><td class=\"column-5\">20<\/td><td class=\"column-6\">21  <\/td><td class=\"column-7\">22<\/td>\n<\/tr>\n<tr class=\"row-6\">\n\t<td class=\"column-1\">23<\/td><td class=\"column-2\">24  J Claude Montcet<\/td><td class=\"column-3\">25<\/td><td class=\"column-4\">26 St Eloi<\/td><td class=\"column-5\">27<\/td><td class=\"column-6\">28  <\/td><td class=\"column-7\">29<\/td>\n<\/tr>\n<tr class=\"row-7\">\n\t<td class=\"column-1\">30<\/td><td class=\"column-2\">31  Gilbert Ext<br \/>\n        Brigitte Montcet<\/td><td class=\"column-3\"><\/td><td class=\"column-4\"><\/td><td class=\"column-5\"><\/td><td class=\"column-6\"><\/td><td class=\"column-7\"><\/td>\n<\/tr>\n<\/tbody>\n<\/table>\n<!-- #tablepress-5 from cache --><\/div>\n<div class=\"su-tabs-pane su-u-clearfix su-u-trim\" data-title=\"AVRIL 2026\">\n<table id=\"tablepress-40\" class=\"tablepress tablepress-id-40\">\n<thead>\n<tr class=\"row-1\">\n\t<th class=\"column-1\">Lundi<\/th><th class=\"column-2\">Mardi<\/th><th class=\"column-3\">Mercredi<\/th><th class=\"column-4\">Jeudi<\/th><th class=\"column-5\">Vendredi<\/th><th class=\"column-6\">Samedi<\/th><th class=\"column-7\">Dimanche<\/th>\n<\/tr>\n<\/thead>\n<tbody>\n<tr class=\"row-2\">\n\t<td class=\"column-1\"><\/td><td class=\"column-2\"><\/td><td class=\"column-3\">1<\/td><td class=\"column-4\">2 Germagnat reprise \u00e0 la journ\u00e9e<\/td><td class=\"column-5\">3<\/td><td class=\"column-6\">4<\/td><td class=\"column-7\">5<\/td>\n<\/tr>\n<tr class=\"row-3\">\n\t<td class=\"column-1\">6<\/td><td class=\"column-2\">7<\/td><td class=\"column-3\">8<\/td><td class=\"column-4\">9 Montmerle\/Sa\u00f4ne<\/td><td class=\"column-5\">10<\/td><td class=\"column-6\">11<\/td><td class=\"column-7\">12 rando cancer St Sulpice<\/td>\n<\/tr>\n<tr class=\"row-4\">\n\t<td class=\"column-1\">13<\/td><td class=\"column-2\">14<\/td><td class=\"column-3\">15<\/td><td class=\"column-4\">16 Cerdon<\/td><td class=\"column-5\">17<\/td><td class=\"column-6\">18<\/td><td class=\"column-7\">19<\/td>\n<\/tr>\n<tr class=\"row-5\">\n\t<td class=\"column-1\">20<\/td><td class=\"column-2\">21<\/td><td class=\"column-3\">22<\/td><td class=\"column-4\">23 Laiz\u00e9<\/td><td class=\"column-5\">24<\/td><td class=\"column-6\">25<\/td><td class=\"column-7\">26<\/td>\n<\/tr>\n<tr class=\"row-6\">\n\t<td class=\"column-1\">27<\/td><td class=\"column-2\">28<\/td><td class=\"column-3\">29<\/td><td class=\"column-4\">30 Verjon<\/td><td class=\"column-5\"><\/td><td class=\"column-6\"><\/td><td class=\"column-7\"><\/td>\n<\/tr>\n<\/tbody>\n<\/table>\n<!-- #tablepress-40 from cache --><\/div>\n<div class=\"su-tabs-pane su-u-clearfix su-u-trim\" data-title=\"MAI 2026\">\n<table id=\"tablepress-2\" class=\"tablepress tablepress-id-2\">\n<thead>\n<tr class=\"row-1\">\n\t<th class=\"column-1\">Lundi<\/th><th class=\"column-2\">Mardi<\/th><th class=\"column-3\">Mercredi<\/th><th class=\"column-4\">Jeudi<\/th><th class=\"column-5\">Vendredi<\/th><th class=\"column-6\">Samedi<\/th><th class=\"column-7\">Dimanche<\/th>\n<\/tr>\n<\/thead>\n<tbody>\n<tr class=\"row-2\">\n\t<td class=\"column-1\"><\/td><td class=\"column-2\"><\/td><td class=\"column-3\"><\/td><td class=\"column-4\"><\/td><td class=\"column-5\">1 St Jean\/veyle suivi du repas au safari truites<\/td><td class=\"column-6\">2<\/td><td class=\"column-7\">3<\/td>\n<\/tr>\n<tr class=\"row-3\">\n\t<td class=\"column-1\">4<\/td><td class=\"column-2\">5<\/td><td class=\"column-3\">6<\/td><td class=\"column-4\">7  montagna le reconduit<\/td><td class=\"column-5\">8<\/td><td class=\"column-6\">9<\/td><td class=\"column-7\">10<\/td>\n<\/tr>\n<tr class=\"row-4\">\n\t<td class=\"column-1\">11<\/td><td class=\"column-2\">12<\/td><td class=\"column-3\">13<\/td><td class=\"column-4\">14  pt de veyle<\/td><td class=\"column-5\">15<\/td><td class=\"column-6\">16<\/td><td class=\"column-7\">17<\/td>\n<\/tr>\n<tr class=\"row-5\">\n\t<td class=\"column-1\">18<\/td><td class=\"column-2\">19<\/td><td class=\"column-3\">20<\/td><td class=\"column-4\">21  montanay 69<\/td><td class=\"column-5\">22<\/td><td class=\"column-6\">23<\/td><td class=\"column-7\">24<\/td>\n<\/tr>\n<tr class=\"row-6\">\n\t<td class=\"column-1\">25<\/td><td class=\"column-2\">26<\/td><td class=\"column-3\">27<\/td><td class=\"column-4\">28  st hymeti\u00e8re 39<\/td><td class=\"column-5\">29<\/td><td class=\"column-6\">30<\/td><td class=\"column-7\">31<\/td>\n<\/tr>\n<\/tbody>\n<\/table>\n<!-- #tablepress-2 from cache --><\/div><\/div><\/div>\n<hr>\n<p><span style=\"font-size: 14pt;\"><strong>Mardi&nbsp; 21 Avril&nbsp; 2026<\/strong><\/span><\/p>\n<p>J Claude vous attend 9h \u00e0 Montcet ou pour une boucle d&rsquo;une dizaine de kms sur cette commune<\/p>\n<p>Brigitte vous contacte pour fixer le lieu de RDV<\/p>\n<hr>\n<p><span style=\"font-size: 14pt;\"><strong>Jeudi&nbsp; 23 Avril&nbsp; 2026<\/strong><\/span><\/p>\n<p>Gilbert vous attend 9h \u00e0 Montcet, 9h10&nbsp; pk&nbsp; Netto au Logis Neuf ou 9h 45 place de la mairie \u00e0 Laiz\u00e9 pour une boucle de 15.5 kms et 200m de D+ et qui passe par Cless\u00e9<\/p>\n<p>Batons n\u00e9cessaires<\/p>\n<p>Pique-nique tir\u00e9 des sacs \u00e0 dos<\/p>\n<p>Covoiturage=14 \u20ac\/voiture<\/p>\n<hr>\n<p><a href=\"http:\/\/mimirando.fr\/wp-content\/uploads\/2026\/04\/Capture-decran-2026-04-05-141543.png\"><span style=\"font-size: 14pt;\"><strong>Dimanche 26 avril&nbsp; 2026<\/strong><\/span><\/a><\/p>\n<p><a href=\"http:\/\/mimirando.fr\/wp-content\/uploads\/2026\/04\/Capture-decran-2026-04-05-142418.png\"><img loading=\"lazy\" decoding=\"async\" class=\"aligncenter size-medium wp-image-22796\" src=\"http:\/\/mimirando.fr\/wp-content\/uploads\/2026\/04\/Capture-decran-2026-04-05-142418-227x300.png\" alt=\"\" width=\"227\" height=\"300\" srcset=\"https:\/\/mimirando.fr\/wp-content\/uploads\/2026\/04\/Capture-decran-2026-04-05-142418-227x300.png 227w, https:\/\/mimirando.fr\/wp-content\/uploads\/2026\/04\/Capture-decran-2026-04-05-142418.png 673w\" sizes=\"auto, (max-width: 227px) 100vw, 227px\" \/><\/a><\/p>\n","protected":false},"excerpt":{"rendered":"<p>Mardi&nbsp; 21 Avril&nbsp; 2026 J Claude vous attend 9h \u00e0 Montcet ou pour une boucle d&rsquo;une dizaine de kms sur cette commune Brigitte vous contacte pour fixer le lieu de RDV Jeudi&nbsp; 23 Avril&nbsp; 2026 Gilbert vous attend 9h \u00e0 Montcet, 9h10&nbsp; pk&nbsp; Netto au Logis Neuf ou 9h 45 place de la mairie \u00e0 &hellip; <\/p>\n<p class=\"link-more\"><a href=\"https:\/\/mimirando.fr\/?page_id=3236\" class=\"more-link\">Continuer la lecture<span class=\"screen-reader-text\"> de &laquo;&nbsp;Calendrier&nbsp;&raquo;<\/span><\/a><\/p>\n","protected":false},"author":1,"featured_media":0,"parent":0,"menu_order":0,"comment_status":"closed","ping_status":"closed","template":"","meta":{"_mi_skip_tracking":false,"_exactmetrics_sitenote_active":false,"_exactmetrics_sitenote_note":"","_exactmetrics_sitenote_category":0,"ngg_post_thumbnail":0,"footnotes":""},"class_list":["post-3236","page","type-page","status-publish","hentry"],"_links":{"self":[{"href":"https:\/\/mimirando.fr\/index.php?rest_route=\/wp\/v2\/pages\/3236","targetHints":{"allow":["GET"]}}],"collection":[{"href":"https:\/\/mimirando.fr\/index.php?rest_route=\/wp\/v2\/pages"}],"about":[{"href":"https:\/\/mimirando.fr\/index.php?rest_route=\/wp\/v2\/types\/page"}],"author":[{"embeddable":true,"href":"https:\/\/mimirando.fr\/index.php?rest_route=\/wp\/v2\/users\/1"}],"replies":[{"embeddable":true,"href":"https:\/\/mimirando.fr\/index.php?rest_route=%2Fwp%2Fv2%2Fcomments&post=3236"}],"version-history":[{"count":1251,"href":"https:\/\/mimirando.fr\/index.php?rest_route=\/wp\/v2\/pages\/3236\/revisions"}],"predecessor-version":[{"id":22853,"href":"https:\/\/mimirando.fr\/index.php?rest_route=\/wp\/v2\/pages\/3236\/revisions\/22853"}],"wp:attachment":[{"href":"https:\/\/mimirando.fr\/index.php?rest_route=%2Fwp%2Fv2%2Fmedia&parent=3236"}],"curies":[{"name":"wp","href":"https:\/\/api.w.org\/{rel}","templated":true}]}}