{"id":491,"date":"2018-07-27T09:12:29","date_gmt":"2018-07-27T07:12:29","guid":{"rendered":"http:\/\/mimirando.fr\/?page_id=491"},"modified":"2022-03-20T10:27:25","modified_gmt":"2022-03-20T09:27:25","slug":"les-infos","status":"publish","type":"page","link":"https:\/\/mimirando.fr\/?page_id=491","title":{"rendered":"Les infos"},"content":{"rendered":"<p>&nbsp;<\/p>\n<hr>\n<p><span style=\"font-size: 14pt;\"><strong>Retour sur Berliet&#8230;<\/strong><\/span><\/p>\n<p><a href=\"http:\/\/mimirando.fr\/wp-content\/uploads\/2020\/03\/berliet-scaled.jpg\"><img loading=\"lazy\" decoding=\"async\" class=\"aligncenter size-medium wp-image-7068\" src=\"http:\/\/mimirando.fr\/wp-content\/uploads\/2020\/03\/berliet-219x300.jpg\" alt=\"\" width=\"219\" height=\"300\" srcset=\"https:\/\/mimirando.fr\/wp-content\/uploads\/2020\/03\/berliet-219x300.jpg 219w, https:\/\/mimirando.fr\/wp-content\/uploads\/2020\/03\/berliet-747x1024.jpg 747w, https:\/\/mimirando.fr\/wp-content\/uploads\/2020\/03\/berliet-768x1052.jpg 768w, https:\/\/mimirando.fr\/wp-content\/uploads\/2020\/03\/berliet-1121x1536.jpg 1121w, https:\/\/mimirando.fr\/wp-content\/uploads\/2020\/03\/berliet-1495x2048.jpg 1495w, https:\/\/mimirando.fr\/wp-content\/uploads\/2020\/03\/berliet-scaled.jpg 1869w\" sizes=\"auto, (max-width: 219px) 100vw, 219px\" \/><\/a><\/p>\n<p><strong><span style=\"font-size: 14pt;\">Rando Chatillonnaise<\/span><\/strong><\/p>\n<p>J&rsquo;ai eu Christian Jacquier par mail et fin mars-d\u00e9but avril nous allons nous recontacter pour organiser nos habituels \u00e9changes et voir les dates disponibles<\/p>\n<p>&nbsp;<\/p>\n<hr>\n<p><span style=\"font-size: 14pt;\"><strong>Les stats de l&rsquo;ann\u00e9e 2021<\/strong><\/span><\/p>\n<p>Le site de Mimirando a \u00e9t\u00e9 visit\u00e9 4000 fois et 15000 pages ont \u00e9t\u00e9 consult\u00e9es<\/p>\n<p>En 1 an on a fait 1600kms,\u00e0 une moyenne de 4km\/h,1 jour\/2 en myenne,chaque sortie fait environ 9 km<\/p>\n<p>La r\u00e9partition g\u00e9ographiques:<\/p>\n<p>40% en Bresse, 20%Revermont\/Bugey, 20%Dombes et 20% \u00e0 l&rsquo;ext\u00e9rieur<\/p>\n<p>60% des sorties se sont d\u00e9roul\u00e9es en 1\/2 journ\u00e9e et 40%en journ\u00e9e<\/p>\n<hr>\n<p><span style=\"font-size: 14pt;\"><strong>Bulletin municipal<\/strong><\/span><\/p>\n<p>Pour ceux qui n&rsquo;ont pas eu les infos de la commune de Montcet,en particulier les 2 bulletins bis-annuel,voici la proc\u00e9dure:aller sur le site&nbsp;<a href=\"http:\/\/www.commune-montcet.fr\/accueil\">http:\/\/www.commune-montcet.fr\/accueil<\/a><\/p>\n<p>ensuite : les publications\/cliquer sur le bandeau\/ouvrir ici et vous voyez tout!<\/p>\n<p>Autre possibilit\u00e9,aller sur Facebook et bien demand\u00e9 Village de Montcet<\/p>\n<hr>\n<p><strong><span style=\"font-size: 14pt;\">Assurance-Rapatriement<\/span><\/strong><\/p>\n<p>Quelques conseils lors d&rsquo;un s\u00e9jour en montagne en particulier pour faciliter la prise en charge m\u00e9dicale et \u00e9ventuellement le retour au domicile:<\/p>\n<p>-avoir sur soi la carte Vitale<\/p>\n<p>-avoir sur soi sa carte bancaire pour savoir si cette derni\u00e8re couvre certains frais:<\/p>\n<p>&nbsp; &nbsp;1) Derri\u00e8re la carte(en tout cas la master-carte)il y a un n\u00b0 de t\u00e9l\u00e9 assistance m\u00e9dicale \u00e0 appeler le plus rapidement(le responsable de la rando peut le faire \u00e0 la place de la personne),l&rsquo;assistance v\u00e9rifiera les donn\u00e9es!<\/p>\n<p>&nbsp; 2) Il faut en effet ouvrir le dossier tr\u00e8s vite pour organiser le ou les transferts&#8230;&nbsp; &nbsp;&nbsp;<\/p>\n<hr>\n<p><strong><span style=\"font-size: 14pt;\">La vie de Mimirando au sein du club de l&rsquo;Irance<\/span><\/strong><\/p>\n<p>Lors de la derni\u00e8re r\u00e9union du bureau du club,la question des responsabilit\u00e9s a \u00e9t\u00e9 \u00e9voqu\u00e9e.<\/p>\n<p><strong>1<\/strong>\/les personnes<strong> <em>qui ont pris l&rsquo;adh\u00e9sion<\/em><\/strong> au club+le timbre \u00ab\u00a0G\u00e9n\u00e9rations Mouvements\u00a0\u00bb(14.50\u20ac+7.50\u20ac) pas de pb,ils sont couverts.<\/p>\n<p><strong>2<\/strong>\/les personnes<strong><em> qui n&rsquo;ont pris que l&rsquo;adh\u00e9sion<\/em><\/strong> au club et le timbre\u00a0\u00bbG\u00e9n\u00e9rations Mouvements\u00a0\u00bbdans un autre club sont couverts mais doivent s&rsquo;acquitter de 14.50\u20ac pour participer aux activit\u00e9s du club sauf les gens de Vandeins(r\u00e9ciprocit\u00e9)<\/p>\n<p><strong>3<\/strong>\/Les personnes&nbsp; <strong><em>qui n&rsquo;ont aucune adh\u00e9sion<\/em><\/strong> devront avoir une assurance en leur possession et pourront participer \u00e0 nos sorties de fa\u00e7on occasionnelle<\/p>\n<p><strong>4<\/strong>\/Pour participer aux sorties du jeudi et du dimanche il est n\u00e9cessaire d&rsquo;avoir test\u00e9 ses capacit\u00e9s lors des balades en semaine \u00e0 Montcet&nbsp; les mardis et samedis<\/p>\n<hr>\n<p><span style=\"font-size: 14pt;\"><strong>Comment savoir si une randonn\u00e9e est difficile<\/strong><\/span><\/p>\n<p>La FFRandonn\u00e9e a \u00e9tabli avec un logiciel une cotation de chaque randonn\u00e9e d&rsquo;apr\u00e8s les traces GPS<\/p>\n<p>Pour ceux qui sont int\u00e9ress\u00e9s voici le lien<\/p>\n<p><a href=\"https:\/\/www.ffrandonnee.fr\/_241\/cotation-de-randonnees-pedestres.aspx\">https:\/\/www.ffrandonnee.fr\/_241\/cotation-de-randonnees-pedestres.aspx<\/a><\/p>\n<hr>\n<p><span style=\"text-decoration: underline; font-size: 12pt;\"><strong>Covoiturage : les bons comptes font les bons amis\u2026<\/strong><\/span><\/p>\n<p class=\"Standard\">Pour les randonn\u00e9es et autres d\u00e9placements faisant appel au covoiturage, se pose la question du partage des frais. Hors parler de sous n&rsquo;est pas toujours facile. Ainsi pour \u00e9viter toute g\u00e8ne, il sera annonc\u00e9 \u00e0 l&rsquo;avance le montant du d\u00e9fraiement par voiture pour chaque sortie.<\/p>\n<p class=\"Standard\">Par les temps qui courent,je me base sur le site via michelin en changeant le prix du carburant au cours de la semaine<\/p>\n<p class=\"Standard\"><a href=\"https:\/\/www.viamichelin.fr\/web\/Itineraires\">https:\/\/www.viamichelin.fr\/web\/Itineraires<\/a><\/p>\n<p>Pour les randonneurs qui le veulent, il y a qqs points de rencontre o\u00f9 on peut prendre des passagers:Place de covoiturage au Logis-neuf,place de Polliat,Intersport Cap Emeraude,Carrefour-Market St Denis et p\u00e9age \u00e0 la Vavrette<\/p>\n<p><em><b>Lorsque des personnes sont int\u00e9ress\u00e9es&nbsp;pour un arr\u00eat qu&rsquo;ils l&rsquo;annoncent dans la rubrique contact de ce site 24h avant le jour J<\/b><\/em><\/p>\n","protected":false},"excerpt":{"rendered":"<p>&nbsp; Retour sur Berliet&#8230; Rando Chatillonnaise J&rsquo;ai eu Christian Jacquier par mail et fin mars-d\u00e9but avril nous allons nous recontacter pour organiser nos habituels \u00e9changes et voir les dates disponibles &nbsp; Les stats de l&rsquo;ann\u00e9e 2021 Le site de Mimirando a \u00e9t\u00e9 visit\u00e9 4000 fois et 15000 pages ont \u00e9t\u00e9 consult\u00e9es En 1 an on &hellip; <\/p>\n<p class=\"link-more\"><a href=\"https:\/\/mimirando.fr\/?page_id=491\" class=\"more-link\">Continuer la lecture<span class=\"screen-reader-text\"> de &laquo;&nbsp;Les infos&nbsp;&raquo;<\/span><\/a><\/p>\n","protected":false},"author":1,"featured_media":0,"parent":0,"menu_order":0,"comment_status":"closed","ping_status":"closed","template":"","meta":{"_mi_skip_tracking":false,"_exactmetrics_sitenote_active":false,"_exactmetrics_sitenote_note":"","_exactmetrics_sitenote_category":0,"ngg_post_thumbnail":0,"footnotes":""},"class_list":["post-491","page","type-page","status-publish","hentry"],"_links":{"self":[{"href":"https:\/\/mimirando.fr\/index.php?rest_route=\/wp\/v2\/pages\/491","targetHints":{"allow":["GET"]}}],"collection":[{"href":"https:\/\/mimirando.fr\/index.php?rest_route=\/wp\/v2\/pages"}],"about":[{"href":"https:\/\/mimirando.fr\/index.php?rest_route=\/wp\/v2\/types\/page"}],"author":[{"embeddable":true,"href":"https:\/\/mimirando.fr\/index.php?rest_route=\/wp\/v2\/users\/1"}],"replies":[{"embeddable":true,"href":"https:\/\/mimirando.fr\/index.php?rest_route=%2Fwp%2Fv2%2Fcomments&post=491"}],"version-history":[{"count":57,"href":"https:\/\/mimirando.fr\/index.php?rest_route=\/wp\/v2\/pages\/491\/revisions"}],"predecessor-version":[{"id":11038,"href":"https:\/\/mimirando.fr\/index.php?rest_route=\/wp\/v2\/pages\/491\/revisions\/11038"}],"wp:attachment":[{"href":"https:\/\/mimirando.fr\/index.php?rest_route=%2Fwp%2Fv2%2Fmedia&parent=491"}],"curies":[{"name":"wp","href":"https:\/\/api.w.org\/{rel}","templated":true}]}}