{"id":6542,"date":"2020-01-03T20:43:39","date_gmt":"2020-01-03T19:43:39","guid":{"rendered":"http:\/\/mimirando.fr\/?page_id=6542"},"modified":"2024-01-14T09:01:09","modified_gmt":"2024-01-14T08:01:09","slug":"carte-des-randonnees-2019","status":"publish","type":"page","link":"https:\/\/mimirando.fr\/?page_id=6542","title":{"rendered":"Carte des randonn\u00e9es depuis 2018"},"content":{"rendered":"<p>Bonjour,<\/p>\n<p>Pour les nouveaux,(et plus anciens&#8230;)amis randonneurs,sur notre site il y a une chronique qui m\u00e9rite d&rsquo;\u00eatre vue mais qui demande une technique un peu plus approfondie pour la consulter!<\/p>\n<p>C&rsquo;est une carte de la r\u00e9gion avec tout ce que Mimirando a fait comme sortie en dehors de la commune depuis courant 2018,les couleurs repr\u00e9sentant les ann\u00e9es<\/p>\n<p>Pour ce faire il faut cliquer sur le lien qui se trouve ci-dessous..mais avant&nbsp; observer bien sur les captures d&rsquo;\u00e9cran o\u00f9 il faut mettre l&rsquo;index et c&rsquo;est parti!<\/p>\n<p><a href=\"https:\/\/umap.openstreetmap.fr\/fr\/user\/Mimirando\/\">https:\/\/umap.openstreetmap.fr\/fr\/user\/Mimirando\/<\/a><\/p>\n<p>cliquer sur Mon espace(Mimirando)<\/p>\n<p>cliquer sur Mimirando(au niveau nom)<\/p>\n<p>&nbsp;<\/p>\n<p>avec la souris d\u00e9placer la carte pour choisir le secteur qui vous int\u00e9resse &nbsp;zoomer +\/- pour voir un circuit&nbsp;<\/p>\n<p><a href=\"http:\/\/mimirando.fr\/wp-content\/uploads\/2022\/11\/IMG20221127085143_BURST000_COVER-scaled.jpg\"><img loading=\"lazy\" decoding=\"async\" class=\"aligncenter size-medium wp-image-12940\" src=\"http:\/\/mimirando.fr\/wp-content\/uploads\/2022\/11\/IMG20221127085143_BURST000_COVER-300x225.jpg\" alt=\"\" width=\"300\" height=\"225\" srcset=\"https:\/\/mimirando.fr\/wp-content\/uploads\/2022\/11\/IMG20221127085143_BURST000_COVER-300x225.jpg 300w, https:\/\/mimirando.fr\/wp-content\/uploads\/2022\/11\/IMG20221127085143_BURST000_COVER-1024x768.jpg 1024w, https:\/\/mimirando.fr\/wp-content\/uploads\/2022\/11\/IMG20221127085143_BURST000_COVER-768x576.jpg 768w, https:\/\/mimirando.fr\/wp-content\/uploads\/2022\/11\/IMG20221127085143_BURST000_COVER-1536x1152.jpg 1536w, https:\/\/mimirando.fr\/wp-content\/uploads\/2022\/11\/IMG20221127085143_BURST000_COVER-2048x1536.jpg 2048w\" sizes=\"auto, (max-width: 300px) 100vw, 300px\" \/><\/a><\/p>\n<p>Cliquer sur le lien bleu<\/p>\n<p><a href=\"http:\/\/mimirando.fr\/wp-content\/uploads\/2022\/11\/IMG20221127085158-scaled.jpg\"><img loading=\"lazy\" decoding=\"async\" class=\"aligncenter size-medium wp-image-12941\" src=\"http:\/\/mimirando.fr\/wp-content\/uploads\/2022\/11\/IMG20221127085158-300x225.jpg\" alt=\"\" width=\"300\" height=\"225\" srcset=\"https:\/\/mimirando.fr\/wp-content\/uploads\/2022\/11\/IMG20221127085158-300x225.jpg 300w, https:\/\/mimirando.fr\/wp-content\/uploads\/2022\/11\/IMG20221127085158-1024x768.jpg 1024w, https:\/\/mimirando.fr\/wp-content\/uploads\/2022\/11\/IMG20221127085158-768x576.jpg 768w, https:\/\/mimirando.fr\/wp-content\/uploads\/2022\/11\/IMG20221127085158-1536x1152.jpg 1536w, https:\/\/mimirando.fr\/wp-content\/uploads\/2022\/11\/IMG20221127085158-2048x1536.jpg 2048w\" sizes=\"auto, (max-width: 300px) 100vw, 300px\" \/><\/a><\/p>\n<p>Vous pouvez consuter l&rsquo;article qui correspond!<\/p>\n<p><a href=\"http:\/\/mimirando.fr\/wp-content\/uploads\/2022\/11\/IMG20221127085213-scaled.jpg\"><img loading=\"lazy\" decoding=\"async\" class=\"aligncenter size-medium wp-image-12942\" src=\"http:\/\/mimirando.fr\/wp-content\/uploads\/2022\/11\/IMG20221127085213-300x225.jpg\" alt=\"\" width=\"300\" height=\"225\" srcset=\"https:\/\/mimirando.fr\/wp-content\/uploads\/2022\/11\/IMG20221127085213-300x225.jpg 300w, https:\/\/mimirando.fr\/wp-content\/uploads\/2022\/11\/IMG20221127085213-1024x768.jpg 1024w, https:\/\/mimirando.fr\/wp-content\/uploads\/2022\/11\/IMG20221127085213-768x576.jpg 768w, https:\/\/mimirando.fr\/wp-content\/uploads\/2022\/11\/IMG20221127085213-1536x1152.jpg 1536w, https:\/\/mimirando.fr\/wp-content\/uploads\/2022\/11\/IMG20221127085213-2048x1536.jpg 2048w\" sizes=\"auto, (max-width: 300px) 100vw, 300px\" \/><\/a><\/p>\n<p><span style=\"color: #ff0000;\">Touche \u00ab\u00a0&lt;\u00a0\u00bb du clavier pour revenir au site<\/span><\/p>\n<p>.<\/p>\n<p>&nbsp;<\/p>\n<hr>\n<p>&nbsp; &nbsp; &nbsp; &nbsp; &nbsp; &nbsp; &nbsp; &nbsp; &nbsp; &nbsp; &nbsp; &nbsp; &nbsp; &nbsp; &nbsp; &nbsp; &nbsp; &nbsp;<\/p>\n","protected":false},"excerpt":{"rendered":"<p>Bonjour, Pour les nouveaux,(et plus anciens&#8230;)amis randonneurs,sur notre site il y a une chronique qui m\u00e9rite d&rsquo;\u00eatre vue mais qui demande une technique un peu plus approfondie pour la consulter! C&rsquo;est une carte de la r\u00e9gion avec tout ce que Mimirando a fait comme sortie en dehors de la commune depuis courant 2018,les couleurs repr\u00e9sentant &hellip; <\/p>\n<p class=\"link-more\"><a href=\"https:\/\/mimirando.fr\/?page_id=6542\" class=\"more-link\">Continuer la lecture<span class=\"screen-reader-text\"> de &laquo;&nbsp;Carte des randonn\u00e9es depuis 2018&nbsp;&raquo;<\/span><\/a><\/p>\n","protected":false},"author":1,"featured_media":0,"parent":0,"menu_order":0,"comment_status":"closed","ping_status":"closed","template":"","meta":{"_mi_skip_tracking":false,"_exactmetrics_sitenote_active":false,"_exactmetrics_sitenote_note":"","_exactmetrics_sitenote_category":0,"ngg_post_thumbnail":0,"footnotes":""},"class_list":["post-6542","page","type-page","status-publish","hentry"],"_links":{"self":[{"href":"https:\/\/mimirando.fr\/index.php?rest_route=\/wp\/v2\/pages\/6542","targetHints":{"allow":["GET"]}}],"collection":[{"href":"https:\/\/mimirando.fr\/index.php?rest_route=\/wp\/v2\/pages"}],"about":[{"href":"https:\/\/mimirando.fr\/index.php?rest_route=\/wp\/v2\/types\/page"}],"author":[{"embeddable":true,"href":"https:\/\/mimirando.fr\/index.php?rest_route=\/wp\/v2\/users\/1"}],"replies":[{"embeddable":true,"href":"https:\/\/mimirando.fr\/index.php?rest_route=%2Fwp%2Fv2%2Fcomments&post=6542"}],"version-history":[{"count":46,"href":"https:\/\/mimirando.fr\/index.php?rest_route=\/wp\/v2\/pages\/6542\/revisions"}],"predecessor-version":[{"id":16805,"href":"https:\/\/mimirando.fr\/index.php?rest_route=\/wp\/v2\/pages\/6542\/revisions\/16805"}],"wp:attachment":[{"href":"https:\/\/mimirando.fr\/index.php?rest_route=%2Fwp%2Fv2%2Fmedia&parent=6542"}],"curies":[{"name":"wp","href":"https:\/\/api.w.org\/{rel}","templated":true}]}}